{"id":2,"date":"2026-02-14T12:51:44","date_gmt":"2026-02-14T12:51:44","guid":{"rendered":"http:\/\/visscher.fr\/?page_id=2"},"modified":"2026-02-14T21:32:53","modified_gmt":"2026-02-14T21:32:53","slug":"sample-page","status":"publish","type":"page","link":"https:\/\/visscher.fr\/","title":{"rendered":"Ana\u00efs VISSCHER Avocate au bureau de Paris"},"content":{"rendered":"\n<figure class=\"wp-block-image alignleft size-full\"><img loading=\"lazy\" decoding=\"async\" width=\"60\" height=\"56\" src=\"http:\/\/visscher.fr\/wp-content\/uploads\/2026\/02\/1000026010.png\" alt=\"\" class=\"wp-image-100\"\/><\/figure>\n\n\n\n<p class=\"has-text-align-left is-style-default\">6 rue Bouchardon 75010 Paris<\/p>\n\n\n\n<br\/>\n\n\n\n<figure class=\"wp-block-image alignleft size-full\"><img loading=\"lazy\" decoding=\"async\" width=\"60\" height=\"56\" src=\"https:\/\/visscher.fr\/wp-content\/uploads\/2026\/02\/1000026011-1.png\" alt=\"\" class=\"wp-image-118\"\/><\/figure>\n\n\n\n<p class=\"has-text-align-left\">01 83 79 29 79<\/p>\n\n\n\n<p><\/p>\n\n\n\n<br\/>\n\n\n\n<figure class=\"wp-block-image alignleft size-full\"><img loading=\"lazy\" decoding=\"async\" width=\"60\" height=\"68\" src=\"https:\/\/visscher.fr\/wp-content\/uploads\/2026\/02\/1000026013-1.png\" alt=\"\" class=\"wp-image-129\"\/><\/figure>\n\n\n\n<p data-wp-context---core-fit-text=\"core\/fit-text::{&quot;fontSize&quot;:&quot;&quot;}\" data-wp-init---core-fit-text=\"core\/fit-text::callbacks.init\" data-wp-interactive data-wp-style--font-size=\"core\/fit-text::context.fontSize\" class=\"has-fit-text\">anais.visscher@avocat.fr<\/p>\n\n\n\n<p><\/p>\n\n\n\n<br \/>\n\n\n\n<figure class=\"wp-block-image alignleft size-full wp-duotone-unset-1\"><img loading=\"lazy\" decoding=\"async\" width=\"60\" height=\"56\" src=\"http:\/\/visscher.fr\/wp-content\/uploads\/2026\/02\/1000026012-1.png\" alt=\"\" class=\"wp-image-120\"\/><\/figure>\n\n\n\n<p>06 65 53 92 59<\/p>\n\n\n\n<p><\/p>\n\n\n\n<br\/>\n\n\n\n<figure class=\"wp-block-image size-full\"><img loading=\"lazy\" decoding=\"async\" width=\"582\" height=\"447\" src=\"http:\/\/visscher.fr\/wp-content\/uploads\/2026\/02\/1000026004.jpg\" alt=\"\" class=\"wp-image-9\" srcset=\"https:\/\/visscher.fr\/wp-content\/uploads\/2026\/02\/1000026004.jpg 582w, https:\/\/visscher.fr\/wp-content\/uploads\/2026\/02\/1000026004-300x230.jpg 300w\" sizes=\"auto, (max-width: 582px) 100vw, 582px\" \/><\/figure>\n\n\n\n<p>Avocate au barreau de Paris depuis 2011.<\/p>\n\n\n\n<p>Ma\u00eetre Ana\u00efs VISSCHER met son expertise \u00e0 votre service en mati\u00e8re de droit du dommage corporel, droit des \u00e9trangers et de la nationalit\u00e9 fran\u00e7aise et des questions qui l&#8217;entourent.<\/p>\n\n\n\n<br\/>\n\n\n\n<h1 class=\"wp-block-heading has-text-align-center\">Domaine de comp\u00e9tences <\/h1>\n\n\n\n<hr>\n\n\n\n<figure class=\"wp-block-image aligncenter size-full\"><img loading=\"lazy\" decoding=\"async\" width=\"120\" height=\"120\" src=\"https:\/\/visscher.fr\/wp-content\/uploads\/2026\/02\/1000026006-2.png\" alt=\"\" class=\"wp-image-90\"\/><\/figure>\n\n\n\n<h1 class=\"wp-block-heading has-text-align-center\">Droit des \u00e9trangers et de la nationalit\u00e9<\/h1>\n\n\n\n<p>Visas, titres de s\u00e9jour, mesures d&#8217;\u00e9loignement, r\u00e9tention administrative, regroupement familial, demande d&#8217;asile, nationalit\u00e9 et naturalisation &#8230; <\/p>\n\n\n\n<br\/>\n\n\n\n<hr>\n\n\n\n<figure class=\"wp-block-image aligncenter size-full\"><img loading=\"lazy\" decoding=\"async\" width=\"120\" height=\"120\" src=\"https:\/\/visscher.fr\/wp-content\/uploads\/2026\/02\/1000026005.png\" alt=\"\" class=\"wp-image-36\"\/><\/figure>\n\n\n\n<h1 class=\"wp-block-heading has-text-align-center\">Droit du dommage corporel<\/h1>\n\n\n\n<p>D\u00e9fense des victimes d&#8217;accident et r\u00e9paration du pr\u00e9judice corporel, mise en cause de la responsabilit\u00e9 m\u00e9dicale et indemnisation, expertise m\u00e9dicale &#8230;<\/p>\n\n\n\n<br\/>\n\n\n\n<hr>\n\n\n\n<figure class=\"wp-block-image aligncenter size-full\"><img loading=\"lazy\" decoding=\"async\" width=\"120\" height=\"120\" src=\"https:\/\/visscher.fr\/wp-content\/uploads\/2026\/02\/1000026007.png\" alt=\"\" class=\"wp-image-37\"\/><\/figure>\n\n\n\n<h1 class=\"wp-block-heading has-text-align-center\">Droit public<\/h1>\n\n\n\n<p>Droit de la responsabilit\u00e9, droit au logement opposable <\/p>\n\n\n\n<br\/>\n\n\n\n<hr\/>\n\n\n\n<h1 class=\"wp-block-heading has-text-align-center\">SUR RENDEZ-VOUS<\/h1>\n\n\n\n<p>Le cabinet Ana\u00efs VISSCHER garantit \u00e0 ses clients la disponibilit\u00e9 et la r\u00e9activit\u00e9 indispensables \u00e0 la d\u00e9fense de leurs int\u00e9r\u00eats, tant en conseil que lors d&#8217;une proc\u00e9dure judiciaire.<\/p>\n\n\n\n<p>Convaincus que l&#8217;Avocat doit avoir une relation de proximit\u00e9 avec ses clients, Ma\u00eetre Ana\u00efs VISSCHER et son \u00e9quipe mettent avec rigueur et c\u00e9l\u00e9rit\u00e9 leur expertise au service de leurs clients.\u200b<\/p>\n\n\n\n<br\/>\n\n\n\n<hr\/>\n\n\n\n<h2 class=\"wp-block-heading\">UNE QUESTION ? UN BESOIN ?<\/h2>\n\n\n<style id=\"wpforms-css-vars-78-block-9537facf-daa2-4d76-886a-876b5ae2b008\">\n\t\t\t\t#wpforms-78.wpforms-block-9537facf-daa2-4d76-886a-876b5ae2b008 {\n\t\t\t\t--wpforms-field-size-input-height: 43px;\n--wpforms-field-size-input-spacing: 15px;\n--wpforms-field-size-font-size: 16px;\n--wpforms-field-size-line-height: 19px;\n--wpforms-field-size-padding-h: 14px;\n--wpforms-field-size-checkbox-size: 16px;\n--wpforms-field-size-sublabel-spacing: 5px;\n--wpforms-field-size-icon-size: 1;\n--wpforms-label-size-font-size: 16px;\n--wpforms-label-size-line-height: 19px;\n--wpforms-label-size-sublabel-font-size: 14px;\n--wpforms-label-size-sublabel-line-height: 17px;\n--wpforms-button-size-font-size: 17px;\n--wpforms-button-size-height: 41px;\n--wpforms-button-size-padding-h: 15px;\n--wpforms-button-size-margin-top: 10px;\n\t\t\t}\n\t\t\t<\/style><div class=\"wpforms-container wpforms-container-full wpforms-block wpforms-block-9537facf-daa2-4d76-886a-876b5ae2b008 wpforms-render-modern\" id=\"wpforms-78\"><form id=\"wpforms-form-78\" class=\"wpforms-validate wpforms-form wpforms-ajax-form\" data-formid=\"78\" method=\"post\" enctype=\"multipart\/form-data\" action=\"\/index.php\/wp-json\/wp\/v2\/pages\/2\" data-token=\"24b185a27d64921b141eb64dbce9621f\" data-token-time=\"1777022959\"><noscript class=\"wpforms-error-noscript\">Please enable JavaScript in your browser to complete this form.<\/noscript><div id=\"wpforms-error-noscript\" style=\"display: none;\">Please enable JavaScript in your browser to complete this form.<\/div><div class=\"wpforms-field-container\">\t\t<div id=\"wpforms-78-field_4-container\"\n\t\t\tclass=\"wpforms-field wpforms-field-text\"\n\t\t\tdata-field-type=\"text\"\n\t\t\tdata-field-id=\"4\"\n\t\t\t>\n\t\t\t<label class=\"wpforms-field-label\" for=\"wpforms-78-field_4\" >E-mail Nom Votre<\/label>\n\t\t\t<input type=\"text\" id=\"wpforms-78-field_4\" class=\"wpforms-field-medium\" name=\"wpforms[fields][4]\" >\n\t\t<\/div>\n\t\t<div id=\"wpforms-78-field_6-container\" class=\"wpforms-field wpforms-field-radio\" data-field-id=\"6\"><fieldset><legend class=\"wpforms-field-label\">Civilit\u00e9 <\/legend><ul id=\"wpforms-78-field_6\"><li class=\"choice-1 depth-1\"><input type=\"radio\" id=\"wpforms-78-field_6_1\" name=\"wpforms[fields][6]\" value=\"Madame\" aria-errormessage=\"wpforms-78-field_6_1-error\"  ><label class=\"wpforms-field-label-inline\" for=\"wpforms-78-field_6_1\">Madame<\/label><\/li><li class=\"choice-2 depth-1\"><input type=\"radio\" id=\"wpforms-78-field_6_2\" name=\"wpforms[fields][6]\" value=\"Homme\" aria-errormessage=\"wpforms-78-field_6_2-error\"  ><label class=\"wpforms-field-label-inline\" for=\"wpforms-78-field_6_2\">Homme<\/label><\/li><\/ul><\/fieldset><\/div><div id=\"wpforms-78-field_1-container\" class=\"wpforms-field wpforms-field-name\" data-field-id=\"1\"><fieldset><legend class=\"wpforms-field-label\">Nom <span class=\"wpforms-required-label\" aria-hidden=\"true\">*<\/span><\/legend><div class=\"wpforms-field-row wpforms-field-medium\"><div class=\"wpforms-field-row-block wpforms-first wpforms-one-half\"><input type=\"text\" id=\"wpforms-78-field_1\" class=\"wpforms-field-name-first wpforms-field-required\" name=\"wpforms[fields][1][first]\" aria-errormessage=\"wpforms-78-field_1-error\" required><label for=\"wpforms-78-field_1\" class=\"wpforms-field-sublabel after\">First<\/label><\/div><div class=\"wpforms-field-row-block wpforms-one-half\"><input type=\"text\" id=\"wpforms-78-field_1-last\" class=\"wpforms-field-name-last wpforms-field-required\" name=\"wpforms[fields][1][last]\" aria-errormessage=\"wpforms-78-field_1-last-error\" required><label for=\"wpforms-78-field_1-last\" class=\"wpforms-field-sublabel after\">Last<\/label><\/div><\/div><\/fieldset><\/div><div id=\"wpforms-78-field_2-container\" class=\"wpforms-field wpforms-field-email\" data-field-id=\"2\"><label class=\"wpforms-field-label\" for=\"wpforms-78-field_2\">E-mail <span class=\"wpforms-required-label\" aria-hidden=\"true\">*<\/span><\/label><input type=\"email\" id=\"wpforms-78-field_2\" class=\"wpforms-field-medium wpforms-field-required\" name=\"wpforms[fields][2]\" spellcheck=\"false\" aria-errormessage=\"wpforms-78-field_2-error\" required><\/div><div id=\"wpforms-78-field_3-container\" class=\"wpforms-field wpforms-field-textarea\" data-field-id=\"3\"><label class=\"wpforms-field-label\" for=\"wpforms-78-field_3\">Votre message<\/label><textarea id=\"wpforms-78-field_3\" class=\"wpforms-field-medium\" name=\"wpforms[fields][3]\" aria-errormessage=\"wpforms-78-field_3-error\" ><\/textarea><\/div><script>\n\t\t\t\t( function() {\n\t\t\t\t\tconst style = document.createElement( 'style' );\n\t\t\t\t\tstyle.appendChild( document.createTextNode( '#wpforms-78-field_4-container { position: absolute !important; overflow: hidden !important; display: inline !important; height: 1px !important; width: 1px !important; z-index: -1000 !important; padding: 0 !important; } #wpforms-78-field_4-container input { visibility: hidden; } #wpforms-conversational-form-page #wpforms-78-field_4-container label { counter-increment: none; }' ) );\n\t\t\t\t\tdocument.head.appendChild( style );\n\t\t\t\t\tdocument.currentScript?.remove();\n\t\t\t\t} )();\n\t\t\t<\/script><\/div><!-- .wpforms-field-container --><div class=\"wpforms-submit-container\" ><input type=\"hidden\" name=\"wpforms[id]\" value=\"78\"><input type=\"hidden\" name=\"page_title\" value=\"\"><input type=\"hidden\" name=\"page_url\" value=\"https:\/\/visscher.fr\/index.php\/wp-json\/wp\/v2\/pages\/2\"><input type=\"hidden\" name=\"url_referer\" value=\"\"><button type=\"submit\" name=\"wpforms[submit]\" id=\"wpforms-submit-78\" class=\"wpforms-submit\" data-alt-text=\"Envoi...\" data-submit-text=\"Envoyer\" aria-live=\"assertive\" value=\"wpforms-submit\">Envoyer<\/button><img loading=\"lazy\" decoding=\"async\" src=\"https:\/\/visscher.fr\/wp-content\/plugins\/wpforms-lite\/assets\/images\/submit-spin.svg\" class=\"wpforms-submit-spinner\" style=\"display: none;\" width=\"26\" height=\"26\" alt=\"Loading\"><\/div><\/form><\/div>  <!-- .wpforms-container -->\n\n\n<figure class=\"wp-block-image aligncenter size-full\"><img loading=\"lazy\" decoding=\"async\" width=\"140\" height=\"140\" src=\"https:\/\/visscher.fr\/wp-content\/uploads\/2026\/02\/1000026014.png\" alt=\"\" class=\"wp-image-101\"\/><\/figure>\n\n\n\n<h2 class=\"wp-block-heading has-text-align-center\">Paiement en ligne<\/h2>\n\n\n\n<p>Utilisez l&#8217;espace de paiement en ligne s\u00e9curis\u00e9 pour proc\u00e9der \u00e0 un paiement dans un dossier.<\/p>\n\n\n\n<div class=\"wp-block-buttons is-content-justification-center is-layout-flex wp-container-core-buttons-is-layout-a89b3969 wp-block-buttons-is-layout-flex\">\n<div class=\"wp-block-button\"><a class=\"wp-block-button__link has-text-align-center wp-element-button\" href=\"https:\/\/pay.sumup.com\/b2c\/QDPUQ1FF\">Payer en ligne directement<\/a><\/div>\n<\/div>\n\n\n\n<br\/>\n\n\n\n<hr\/>\n\n\n\n<figure class=\"wp-block-image aligncenter size-full\"><img loading=\"lazy\" decoding=\"async\" width=\"118\" height=\"116\" src=\"https:\/\/visscher.fr\/wp-content\/uploads\/2026\/02\/1000026015.png\" alt=\"\" class=\"wp-image-106\"\/><\/figure>\n\n\n\n<h2 class=\"wp-block-heading has-text-align-center\">Prendre un rendez-vous <\/h2>\n\n\n\n<p>Consultation : utilisez ce service si vous souhaitez prendre un rendez-vous \u00e0 notre cabinet. Factur\u00e9e 120 \u20ac TTC, Ma\u00eetre Visscher pr\u00e9voit une heure faire un point global sur votre situation, vous conseiller et si n\u00e9cessaire \u00e9crire \u00e0 l&#8217;administration pour tenter de d\u00e9bloquer votre situation.&nbsp;<\/p>\n\n\n\n<div class=\"wp-block-buttons is-content-justification-center is-layout-flex wp-container-core-buttons-is-layout-a89b3969 wp-block-buttons-is-layout-flex\">\n<div class=\"wp-block-button\"><a class=\"wp-block-button__link wp-element-button\">Prendre un rendez-vous <\/a><\/div>\n<\/div>\n\n\n\n<p class=\"has-text-align-center\"><\/p>\n","protected":false},"excerpt":{"rendered":"<p>6 rue Bouchardon 75010 Paris 01 83 79 29 79 anais.visscher@avocat.fr 06 65 53 92 59 Avocate au barreau de Paris depuis 2011. Ma\u00eetre Ana\u00efs VISSCHER met son expertise \u00e0 votre service en mati\u00e8re de droit du dommage corporel, droit des \u00e9trangers et de la nationalit\u00e9 fran\u00e7aise et des questions qui l&#8217;entourent. Domaine de comp\u00e9tences [&hellip;]<\/p>\n","protected":false},"author":1,"featured_media":0,"parent":0,"menu_order":0,"comment_status":"closed","ping_status":"open","template":"","meta":{"footnotes":""},"class_list":["post-2","page","type-page","status-publish","hentry"],"_links":{"self":[{"href":"https:\/\/visscher.fr\/index.php\/wp-json\/wp\/v2\/pages\/2","targetHints":{"allow":["GET"]}}],"collection":[{"href":"https:\/\/visscher.fr\/index.php\/wp-json\/wp\/v2\/pages"}],"about":[{"href":"https:\/\/visscher.fr\/index.php\/wp-json\/wp\/v2\/types\/page"}],"author":[{"embeddable":true,"href":"https:\/\/visscher.fr\/index.php\/wp-json\/wp\/v2\/users\/1"}],"replies":[{"embeddable":true,"href":"https:\/\/visscher.fr\/index.php\/wp-json\/wp\/v2\/comments?post=2"}],"version-history":[{"count":43,"href":"https:\/\/visscher.fr\/index.php\/wp-json\/wp\/v2\/pages\/2\/revisions"}],"predecessor-version":[{"id":146,"href":"https:\/\/visscher.fr\/index.php\/wp-json\/wp\/v2\/pages\/2\/revisions\/146"}],"wp:attachment":[{"href":"https:\/\/visscher.fr\/index.php\/wp-json\/wp\/v2\/media?parent=2"}],"curies":[{"name":"wp","href":"https:\/\/api.w.org\/{rel}","templated":true}]}}